{"id":45,"date":"2015-12-18T16:31:06","date_gmt":"2015-12-18T16:31:06","guid":{"rendered":"http:\/\/tommustester.wpengine.com\/?page_id=45"},"modified":"2020-05-27T22:32:33","modified_gmt":"2020-05-27T20:32:33","slug":"acerca-de","status":"publish","type":"page","link":"https:\/\/scubachile.cl\/site\/pages\/acerca-de\/","title":{"rendered":"Acerca de"},"content":{"rendered":"<p>[vc_row][vc_column][vc_row_inner][vc_column_inner width=\u00bb5\/12&#8243;][vc_single_image image=\u00bb426&#8243; img_size=\u00bbfull\u00bb alignment=\u00bbcenter\u00bb][\/vc_column_inner][vc_column_inner width=\u00bb7\/12&#8243;][vc_column_text css_animation=\u00bbfadeIn\u00bb]<\/p>\n<h5 class=\"section-title sans\">Un poco de historia<\/h5>\n<p>ScubaChile se funda el 13 de Mayo de 2000 y surge de la necesidad de crear una escuela de ense\u00f1anza m\u00e1s personalizada, en la instrucci\u00f3n del buceo. Nuestro centro de operaciones principal esta en Los Molles, sin perjuicio de operar en otros lugares apropiados a esta actividad.<\/p>\n<p>Somos reconocidos por la armada de Chile como entidad de buceo que nos permite realizar expediciones guiadas y como escuela de buceo para realizar cursos de buceo.<\/p>\n<p>Est\u00e1 compuesta por su fundador Christian Gajardo G., instructor de buceo FEDESUB y CMAS, con m\u00e1s de 20 a\u00f1os de experiencia en Chile como en el extranjero, quien la funda y que posteriormente empieza a trabajar junto a otros instructores que hoy en dia tienen sus propias agencias de buceo.<\/p>\n<p>ScubaChile ocupa a sus m\u00e1s avanzados buzos de 3 y 2 estrellas para las pr\u00e1cticas, haciendo con esto que sus mismos alumnos tomen experiencia en la instrucci\u00f3n.<\/p>\n<p>ScubaChile opera con distintos centros de buceo, con el fin de que sus alumnos conozcan diversos lugares del litoral central.[\/vc_column_text][vc_raw_html]JTNDaDYlMjBjbGFzcyUzRCUyMnNhbnMlMjIlM0VSZWRlcyUyMFNvY2lhbGVzJTNDJTJGaDYlM0UlM0N1bCUyMGNsYXNzJTNEJTIyc29jaWFsJTIyJTNFJTBBJTNDdWwlMjBjbGFzcyUzRCUyMnNvY2lhbCUyMiUzRSUwQSUyMCUyMCUyMCUyMCUyMCUyMCUyMCUyMCUyMCUyMCUyMCUyMCUyMCUyMCUzQ2xpJTNFJTNDYSUyMGhyZWYlM0QlMjJodHRwcyUzQSUyRiUyRnR3aXR0ZXIuY29tJTJGc2N1YmFjaGlsZSUyMiUzRSUzQ2klMjBjbGFzcyUzRCUyMmljb24tcy10d2l0dGVyJTIyJTNFJTNDJTJGaSUzRSUzQyUyRmElM0UlM0MlMkZsaSUzRSUwQSUyMCUyMCUyMCUyMCUyMCUyMCUyMCUyMCUyMCUyMCUyMCUyMCUyMCUyMCUzQ2xpJTNFJTNDYSUyMGhyZWYlM0QlMjJodHRwcyUzQSUyRiUyRnd3dy5mYWNlYm9vay5jb20lMkZhY2FkZW1pYXNjdWJhY2hpbGUlMjIlM0UlM0NpJTIwY2xhc3MlM0QlMjJpY29uLXMtZmFjZWJvb2slMjIlM0UlM0MlMkZpJTNFJTNDJTJGYSUzRSUzQyUyRmxpJTNFJTBBJTIwJTIwJTIwJTIwJTIwJTIwJTIwJTIwJTIwJTIwJTIwJTIwJTIwJTIwJTBBJTIwJTIwJTIwJTIwJTIwJTIwJTIwJTIwJTIwJTIwJTIwJTIwJTIwJTIwJTNDbGklM0UlM0NhJTIwaHJlZiUzRCUyMmh0dHBzJTNBJTJGJTJGd3d3LmxpbmtlZGluLmNvbSUyRmluJTJGY2hyaXN0aWFuZ2FqYXJkbyUyRiUyMiUzRSUzQ2klMjBjbGFzcyUzRCUyMmljb24tcy1saW5rZWRpbiUyMiUzRSUzQyUyRmklM0UlM0MlMkZhJTNFJTNDJTJGbGklM0UlMEElMjAlMjAlMjAlMjAlMjAlMjAlMjAlMjAlMjAlMjAlMjAlMjAlMjAlMjAlM0NsaSUzRSUzQ2ElMjBocmVmJTNEJTIyaHR0cHMlM0ElMkYlMkZ3d3cuZmxpY2tyLmNvbSUyRnBlb3BsZSUyRjE4ODcwMDg1MCU0ME4wOCUyRiUyMiUzRSUzQ2klMjBjbGFzcyUzRCUyMmljb24tcy1mbGlja3IlMjIlM0UlM0MlMkZpJTNFJTNDJTJGYSUzRSUzQyUyRmxpJTNFJTBBJTIwJTIwJTIwJTIwJTIwJTIwJTIwJTIwJTIwJTIwJTIwJTIwJTIwJTIwJTNDbGklM0UlM0NhJTIwaHJlZiUzRCUyMmh0dHBzJTNBJTJGJTJGd3d3Lmluc3RhZ3JhbS5jb20lMkZzY3ViYV9jaGlsZSUyRiUyMiUzRSUzQ2klMjBjbGFzcyUzRCUyMmljb24tcy1pbnN0YWdyYW0lMjIlM0UlM0MlMkZpJTNFJTNDJTJGYSUzRSUzQyUyRmxpJTNFJTBBJTIwJTIwJTIwJTIwJTIwJTIwJTIwJTIwJTIwJTIwJTIwJTIwJTNDJTJGdWwlM0UlMEElMEE=[\/vc_raw_html][\/vc_column_inner][\/vc_row_inner][vc_column_text]<\/p>\n<hr \/>\n<p>[\/vc_column_text][vc_row_inner][vc_column_inner][vc_column_text]<\/p>\n<h5 class=\"section-title sans\">PORQUE ELEGIR A SCUBA CHILE?<\/h5>\n<p>[\/vc_column_text]\n\t\t<div class=\"tabs tabs-top left tab-container ebor-9995 \"><ul class=\"etabs\"> <li class=\"tab\"><a href=\"#tab-1\">EXPERIENCIA<\/a><\/li>  <li class=\"tab\"><a href=\"#tab-2\">CALIDAD DE SERVICIO<\/a><\/li>  <li class=\"tab\"><a href=\"#tab-3\">INFRAESTRUCTURA<\/a><\/li> <\/ul><div class=\"panel-container\"><div class=\"tab-block\" id=\"tab-1\"><\/p>\n<p style=\"font-weight: 400;\">Mas de 500 licencias entregadas a buzos novatos y hoy en d\u00eda a m\u00e1s de 50 instructores formados, nos dan la experiencia de afrontar diversos problemas que ocurren bajo el agua en una persona nueva que quiera conocer este mundo. Nuestra experiencia nace de las m\u00e1s diversas experiencias personales de cada uno de nuestros alumnos ya sea a nivel nacional o en el extranjero. Podemos decir hoy en d\u00eda que ninguno de nuestros alumnos ha dejado de aprender y tener buenas experiencias bajo el agua. Esto nos da la tranquilidad de que nuestros buzos podr\u00e1n realizar buceo en cualquier parte del mundo con diversas caracter\u00edsticas y en forma segura.<\/p>\n<p>\n<\/div><div class=\"tab-block\" id=\"tab-2\"><\/p>\n<p style=\"font-weight: 400;\">Nosotros buscamos formar a buzos con criterio para poder evaluar las diferentes opciones de condiciones del mar y poder realizar la actividad en forma segura y relajada. Es asi que los llevamos de la mano para poder elegir sus equipos pertinentes y realizar los chequeos de seguridad asociados a su equipo a usar. Todo esto va apoyado de un buen ambiente de estudios y trabajo practico que hace que se establezcan lazos de amistad durante nuestros cursos.<\/p>\n<p>\n<\/div><div class=\"tab-block\" id=\"tab-3\"><\/p>\n<p style=\"font-weight: 400;\">Tenemos el equipo necesario y requerido para poder realizar sus primeras inmersiones, sin embargo, les vamos aconsejando comprarse su propio equipo b\u00e1sico a quienes ven en esta disciplina algo que realizaran en forma reiterativa y habitual. Trabajamos con diversos centros de buceo a lo largo del litoral central, con la finalidad de que nuestros alumnos vayan conociendo las infraestructuras de cada centro y condiciones que les da cada lugar. El d\u00eda de ma\u00f1ana podr\u00e1n ir a bucear en forma segura a cualquier parte del mundo.<\/p>\n<p>\n<\/div><\/div><\/div>\n\t\t<script type=\"text\/javascript\">\n\t\t\tjQuery(document).ready(function() {\n\t\t\t\tjQuery('.tabs.tabs-top.ebor-9995').easytabs({\n\t\t\t\t    animationSpeed: 300,\n\t\t\t\t    updateHash: false\n\t\t\t\t});\n\t\t\t});\n\t\t<\/script>\n\t[\/vc_column_inner][\/vc_row_inner][vc_column_text]<\/p>\n<hr \/>\n<p>[\/vc_column_text][vc_row_inner][vc_column_inner width=\u00bb1\/6&#8243;][\/vc_column_inner][vc_column_inner width=\u00bb2\/3&#8243;][\/vc_column_inner][vc_column_inner width=\u00bb1\/6&#8243;][\/vc_column_inner][\/vc_row_inner][\/vc_column][\/vc_row][vc_row full_width=\u00bbstretch_row\u00bb][vc_column]\t\n\t<div class=\"instagram-wrapper\">\n\t\t<div id=\"instafeed\"><\/div>\n\t\t<a href=\"#\" target=\"_blank\" class=\"btn btn-full\">Follow me @ Instagram<\/a>\n\t<\/div>\n\t\n\t<script type=\"text\/javascript\">\n\t\tjQuery(document).ready(function(){\n\t\t\t\n\t\t\t\/*-----------------------------------------------------------------------------------*\/\n\t\t\t\/*\tINSTAGRAM\n\t\t\t\/*-----------------------------------------------------------------------------------*\/\n\t\t\tvar instagramFeed = new Instafeed({\n\t\t\t    get: 'user',\n\t\t\t    userId: 1215763826,\n\t\t\t    accessToken: '1215763826.467ede5.aa54392aa9eb46f0b9e7191f7211ec3a',\n\t\t\t    resolution: 'low_resolution',\n\t\t\t    template: '<div class=\"item\"><figure class=\"overlay\"><a href=\"{{link}}\" target=\"_blank\"><img src=\"{{image}}\" \/><\/a><\/figure><\/div>',\n\t\t\t    after: function() {\n\t\t\t        jQuery('#instafeed figure.overlay a').prepend('<span class=\"over\"><\/span>');\n\t\t\t        jQuery('#instafeed').owlCarousel({\n\t\t\t            loop: false,\n\t\t\t            margin: 0,\n\t\t\t            nav: true,\n\t\t\t            navText: ['', ''],\n\t\t\t            dots: false,\n\t\t\t            responsive: {\n\t\t\t                0: {\n\t\t\t                    items: 3\n\t\t\t                },\n\t\t\t                768: {\n\t\t\t                    items: 4\n\t\t\t                },\n\t\t\t                1000: {\n\t\t\t                    items: 5\n\t\t\t                },\n\t\t\t                1680: {\n\t\t\t                    items: 6\n\t\t\t                },\n\t\t\t                1920: {\n\t\t\t                    items: 7\n\t\t\t                }\n\t\t\t            }\n\t\t\t        })\n\t\t\t    },\n\t\t\t    success: function(response){\n\t\t\t    \tresponse.data.forEach(function(e){\n\t\t\t    \t\te.images.thumbnail = {\n\t\t\t    \t\t\turl: e.images.thumbnail.url,\n\t\t\t    \t\t\twidth: 600,\n\t\t\t    \t\t\theight: 600\n\t\t\t    \t\t};\n\t\t\t    \t});\n\t\t\t    }\n\t\t\t});\n\t\t\tjQuery('#instafeed').each(function() {\n\t\t\t    instagramFeed.run();\n\t\t\t});\n\n\t\t});\n\t<\/script>\n\t\n[\/vc_column][\/vc_row]<\/p>\n","protected":false},"excerpt":{"rendered":"<p>[vc_row][vc_column][vc_row_inner][vc_column_inner width=\u00bb5\/12&#8243;][vc_single_image image=\u00bb426&#8243; img_size=\u00bbfull\u00bb alignment=\u00bbcenter\u00bb][\/vc_column_inner][vc_column_inner width=\u00bb7\/12&#8243;][vc_column_text css_animation=\u00bbfadeIn\u00bb] Un poco de historia ScubaChile se funda el 13 de Mayo de 2000 y surge de la necesidad de crear una escuela de ense\u00f1anza m\u00e1s personalizada, en la instrucci\u00f3n del buceo. Nuestro centro de operaciones principal esta en Los Molles, sin perjuicio de operar en otros lugares apropiados a esta actividad. Somos reconocidos por la armada de Chile como entidad de buceo que nos permite realizar expediciones guiadas y como escuela de buceo para realizar cursos de buceo&#8230;.<\/p>\n","protected":false},"author":1,"featured_media":428,"parent":43,"menu_order":0,"comment_status":"closed","ping_status":"closed","template":"","meta":[],"_links":{"self":[{"href":"https:\/\/scubachile.cl\/site\/wp-json\/wp\/v2\/pages\/45"}],"collection":[{"href":"https:\/\/scubachile.cl\/site\/wp-json\/wp\/v2\/pages"}],"about":[{"href":"https:\/\/scubachile.cl\/site\/wp-json\/wp\/v2\/types\/page"}],"author":[{"embeddable":true,"href":"https:\/\/scubachile.cl\/site\/wp-json\/wp\/v2\/users\/1"}],"replies":[{"embeddable":true,"href":"https:\/\/scubachile.cl\/site\/wp-json\/wp\/v2\/comments?post=45"}],"version-history":[{"count":12,"href":"https:\/\/scubachile.cl\/site\/wp-json\/wp\/v2\/pages\/45\/revisions"}],"predecessor-version":[{"id":749,"href":"https:\/\/scubachile.cl\/site\/wp-json\/wp\/v2\/pages\/45\/revisions\/749"}],"up":[{"embeddable":true,"href":"https:\/\/scubachile.cl\/site\/wp-json\/wp\/v2\/pages\/43"}],"wp:featuredmedia":[{"embeddable":true,"href":"https:\/\/scubachile.cl\/site\/wp-json\/wp\/v2\/media\/428"}],"wp:attachment":[{"href":"https:\/\/scubachile.cl\/site\/wp-json\/wp\/v2\/media?parent=45"}],"curies":[{"name":"wp","href":"https:\/\/api.w.org\/{rel}","templated":true}]}}