{"id":627,"date":"2019-12-12T03:47:32","date_gmt":"2019-12-12T02:47:32","guid":{"rendered":"http:\/\/scubachile.cl\/site\/?page_id=627"},"modified":"2020-03-28T21:24:05","modified_gmt":"2020-03-28T20:24:05","slug":"curso-instructor-cmas-1-estrella","status":"publish","type":"page","link":"https:\/\/scubachile.cl\/site\/pages\/academia-buceo\/curso-instructor-cmas-1-estrella\/","title":{"rendered":"Curso Instructor CMAS 1 Estrella"},"content":{"rendered":"<p>[vc_row][vc_column][vc_row_inner][vc_column_inner width=\u00bb1\/2&#8243;][vc_column_text css_animation=\u00bbfadeIn\u00bb]<\/p>\n<h6>Descripci\u00f3n<\/h6>\n<p>[\/vc_column_text][vc_column_text css_animation=\u00bbfadeIn\u00bb]<\/p>\n<h1 style=\"font-weight: 400;\">Si ya sabes explorar los fondos submarinos y quieres aprender m\u00e1s en forma segura sobre el buceo, podr\u00e1s conseguir una certificaci\u00f3n de buceo internacional avanzada, que te acreditara como una persona que ya maneja y sabe la forma segura de apreciar las maravillas del mundo submarino con seguridad.<\/h1>\n<h1 style=\"font-weight: 400;\">Es un Experto buceador 3 estrellas o Divemaster de PADI-NAUI-SSI\u00a0u otro similar\u00a0que ha alcanzado experiencia en la instrucci\u00f3n de practica y te\u00f3rica\u00a0en Buceo Deportivo Aut\u00f3nomo, seg\u00fan los est\u00e1ndares\u00a0Internacionales de CMAS.<\/h1>\n<p>[\/vc_column_text][\/vc_column_inner][vc_column_inner width=\u00bb1\/2&#8243;][vc_column_text]<\/p>\n<h6>Modalidad de Estudio<\/h6>\n<p>[\/vc_column_text][vc_column_text css_animation=\u00bbfadeIn\u00bb]<\/p>\n<p class=\"m_-2451435617891663335letraazul\"><strong>Requisitos previos:<\/strong><u><\/u><u><\/u><\/p>\n<p class=\"m_-2451435617891663335letraazul\">&#8211; Certificaci\u00f3n vigente como buzo 3 estrellas o Divemaster de PADI, NAUI, SSI\u00a0 u otra similar<br \/>\n&#8211; Al menos 60 buceos registrados en bit\u00e1cora, (o certificado de un centro de buceo)<br \/>\n&#8211; Deseable: Certificaci\u00f3n de experiencia previa como gu\u00eda o asistente de Instructor.<br \/>\n&#8211; Mayor de 18 a\u00f1os.<\/p>\n<p>[\/vc_column_text][\/vc_column_inner][\/vc_row_inner][vc_empty_space][vc_tta_tabs][vc_tta_section title=\u00bbRequisitos\u00bb tab_id=\u00bb1571090971140-b5cb40e7-c20e\u00bb][vc_column_text]- Certificaci\u00f3n vigente como buzo 3 estrellas o Divemaster de PADI, NAUI, SSI\u00a0 u otra similar<br \/>\n&#8211; Al menos 60 buceos registrados en bit\u00e1cora, (o certificado de un centro de buceo)<br \/>\n&#8211; Deseable: Certificaci\u00f3n de experiencia previa como gu\u00eda o asistente de Instructor.<br \/>\n&#8211; Mayor de 18 a\u00f1os.[\/vc_column_text][\/vc_tta_section][vc_tta_section title=\u00bbDuraci\u00f3n del Curso\u00bb tab_id=\u00bb1571090971166-1f5da455-6ae6&#8243;][vc_column_text]<\/p>\n<ul>\n<li>04 d\u00edas completos. 9:00 hasta las 19:00 hrs.<\/li>\n<li>Modalidad: Presencial.<\/li>\n<li>05 Inmersiones en el Mar.<\/li>\n<li>Clases pr\u00e1cticas y te\u00f3ricas &#8211; Incluye doble titulaci\u00f3n CMAS y Armada.<\/li>\n<\/ul>\n<p>[\/vc_column_text][\/vc_tta_section][vc_tta_section title=\u00bbValor\u00bb tab_id=\u00bb1571091083218-0bbe2abf-b2c5&#8243;][vc_column_text]800.000 CLP. (Pesos Chilenos)<br \/>\nGrupo m\u00ednimo 4 alumnos.<\/p>\n<p><strong>Forma de Pago<\/strong><br \/>\nTransferencia bancaria.<br \/>\nHasta 3 cheques.[\/vc_column_text][\/vc_tta_section][vc_tta_section title=\u00bbCont\u00e1ctanos\u00bb tab_id=\u00bb1571091355015-98afe53f-2bbb\u00bb][vc_column_text]Puedes escribirnos a <a href=\"mailto:info@scubachile.cl\">info@scubachile.cl<\/a> o ll\u00e1manos al (+569) 98710377.[\/vc_column_text][\/vc_tta_section][\/vc_tta_tabs][\/vc_column][\/vc_row][vc_row][vc_column width=\u00bb1\/2&#8243;][vc_facebook][\/vc_column][vc_column width=\u00bb1\/2&#8243;][vc_column_text css_animation=\u00bbfadeIn\u00bb]<\/p>\n<h2><strong>Estas interesado en Bucear<\/strong><\/h2>\n<p>Complete los datos requeridos y nos contactaremos con usted.[\/vc_column_text]<noscript class=\"ninja-forms-noscript-message\">\n\tAviso: Se requiere JavaScript para este contenido.<\/noscript>\n<div id=\"nf-form-1-cont\" class=\"nf-form-cont\" aria-live=\"polite\" aria-labelledby=\"nf-form-title-1\" aria-describedby=\"nf-form-errors-1\" role=\"form\">\n\n    <div class=\"nf-loading-spinner\"><\/div>\n\n<\/div>\n        <!-- That data is being printed as a workaround to page builders reordering the order of the scripts loaded-->\n        <script>var formDisplay=1;var nfForms=nfForms||[];var form=[];form.id='1';form.settings={\"objectType\":\"Form Setting\",\"editActive\":true,\"title\":\"\",\"key\":\"\",\"created_at\":\"2020-03-28 20:39:43\",\"default_label_pos\":\"above\",\"conditions\":[],\"show_title\":\"1\",\"clear_complete\":\"1\",\"hide_complete\":\"1\",\"wrapper_class\":\"\",\"element_class\":\"\",\"add_submit\":\"1\",\"logged_in\":\"\",\"not_logged_in_msg\":\"\",\"sub_limit_number\":\"\",\"sub_limit_msg\":\"\",\"calculations\":[],\"formContentData\":[\"nombres_1585424578554\",\"lastname_1585424640666\",\"email\",\"phone_1585424658316\",\"mensaje_1585424750575\",\"recaptcha_1585424671657\",\"submit\"],\"container_styles_background-color\":\"\",\"container_styles_border\":\"\",\"container_styles_border-style\":\"\",\"container_styles_border-color\":\"\",\"container_styles_color\":\"\",\"container_styles_height\":\"\",\"container_styles_width\":\"\",\"container_styles_font-size\":\"\",\"container_styles_margin\":\"\",\"container_styles_padding\":\"\",\"container_styles_display\":\"\",\"container_styles_float\":\"\",\"container_styles_show_advanced_css\":\"0\",\"container_styles_advanced\":\"\",\"title_styles_background-color\":\"\",\"title_styles_border\":\"\",\"title_styles_border-style\":\"\",\"title_styles_border-color\":\"\",\"title_styles_color\":\"\",\"title_styles_height\":\"\",\"title_styles_width\":\"\",\"title_styles_font-size\":\"\",\"title_styles_margin\":\"\",\"title_styles_padding\":\"\",\"title_styles_display\":\"\",\"title_styles_float\":\"\",\"title_styles_show_advanced_css\":\"0\",\"title_styles_advanced\":\"\",\"row_styles_background-color\":\"\",\"row_styles_border\":\"\",\"row_styles_border-style\":\"\",\"row_styles_border-color\":\"\",\"row_styles_color\":\"\",\"row_styles_height\":\"\",\"row_styles_width\":\"\",\"row_styles_font-size\":\"\",\"row_styles_margin\":\"\",\"row_styles_padding\":\"\",\"row_styles_display\":\"\",\"row_styles_show_advanced_css\":\"0\",\"row_styles_advanced\":\"\",\"row-odd_styles_background-color\":\"\",\"row-odd_styles_border\":\"\",\"row-odd_styles_border-style\":\"\",\"row-odd_styles_border-color\":\"\",\"row-odd_styles_color\":\"\",\"row-odd_styles_height\":\"\",\"row-odd_styles_width\":\"\",\"row-odd_styles_font-size\":\"\",\"row-odd_styles_margin\":\"\",\"row-odd_styles_padding\":\"\",\"row-odd_styles_display\":\"\",\"row-odd_styles_show_advanced_css\":\"0\",\"row-odd_styles_advanced\":\"\",\"success-msg_styles_background-color\":\"\",\"success-msg_styles_border\":\"\",\"success-msg_styles_border-style\":\"\",\"success-msg_styles_border-color\":\"\",\"success-msg_styles_color\":\"\",\"success-msg_styles_height\":\"\",\"success-msg_styles_width\":\"\",\"success-msg_styles_font-size\":\"\",\"success-msg_styles_margin\":\"\",\"success-msg_styles_padding\":\"\",\"success-msg_styles_display\":\"\",\"success-msg_styles_show_advanced_css\":\"0\",\"success-msg_styles_advanced\":\"\",\"error_msg_styles_background-color\":\"\",\"error_msg_styles_border\":\"\",\"error_msg_styles_border-style\":\"\",\"error_msg_styles_border-color\":\"\",\"error_msg_styles_color\":\"\",\"error_msg_styles_height\":\"\",\"error_msg_styles_width\":\"\",\"error_msg_styles_font-size\":\"\",\"error_msg_styles_margin\":\"\",\"error_msg_styles_padding\":\"\",\"error_msg_styles_display\":\"\",\"error_msg_styles_show_advanced_css\":\"0\",\"error_msg_styles_advanced\":\"\",\"allow_public_link\":0,\"embed_form\":\"\",\"currency\":\"\",\"unique_field_error\":\"Ya se ha enviado un formulario con este valor.\",\"changeEmailErrorMsg\":\"Introduce una direcci\\u00f3n de correo electr\\u00f3nico v\\u00e1lida.\",\"changeDateErrorMsg\":\"\\u00a1Introduce una fecha v\\u00e1lida!\",\"confirmFieldErrorMsg\":\"Estos campos deben coincidir.\",\"fieldNumberNumMinError\":\"Error de n\\u00famero m\\u00ednimo\",\"fieldNumberNumMaxError\":\"Error de n\\u00famero m\\u00e1ximo\",\"fieldNumberIncrementBy\":\"Increm\\u00e9ntalo por \",\"formErrorsCorrectErrors\":\"Corrige los errores antes de enviar este formulario.\",\"validateRequiredField\":\"Esto es un campo obligatorio.\",\"honeypotHoneypotError\":\"Error de Honeypot\",\"fieldsMarkedRequired\":\"Los campos marcados con <span class=\\\"ninja-forms-req-symbol\\\">*<\\\/span> son obligatorios\",\"drawerDisabled\":false,\"ninjaForms\":\"Ninja Forms\",\"fieldTextareaRTEInsertLink\":\"Insertar enlace\",\"fieldTextareaRTEInsertMedia\":\"Insertar medios\",\"fieldTextareaRTESelectAFile\":\"Seleccione un archivo\",\"formHoneypot\":\"Si eres un ser humano y est\\u00e1s viendo este campo, por favor d\\u00e9jalo vac\\u00edo.\",\"fileUploadOldCodeFileUploadInProgress\":\"Subida de archivo en curso.\",\"fileUploadOldCodeFileUpload\":\"SUBIDA DE ARCHIVO\",\"currencySymbol\":\"&#36;\",\"thousands_sep\":\".\",\"decimal_point\":\",\",\"siteLocale\":\"es_ES\",\"dateFormat\":\"m\\\/d\\\/Y\",\"startOfWeek\":\"1\",\"of\":\"de\",\"previousMonth\":\"Mes anterior\",\"nextMonth\":\"Pr\\u00f3ximo mes\",\"months\":[\"Enero\",\"Febrero\",\"Marzo\",\"Abril\",\"Mayo\",\"Junio\",\"Julio\",\"Agosto\",\"Septiembre\",\"Octubre\",\"Noviembre\",\"Diciembre\"],\"monthsShort\":[\"Ene\",\"Feb\",\"Mar\",\"Abr\",\"Mayo\",\"Jun\",\"Jul\",\"Ago\",\"Sep\",\"Oct\",\"Nov\",\"Dic\"],\"weekdays\":[\"Domingo\",\"Lunes\",\"Martes\",\"Mi\\u00e9rcoles\",\"Jueves\",\"Viernes\",\"S\\u00e1bado\"],\"weekdaysShort\":[\"Dom\",\"Lun\",\"Mar\",\"Mi\\u00e9\",\"Jue\",\"Vie\",\"S\\u00e1b\"],\"weekdaysMin\":[\"Do\",\"Lu\",\"Ma\",\"Mi\",\"Ju\",\"Vi\",\"S\\u00e1\"],\"recaptchaConsentMissing\":\"reCaptcha validation couldn&#039;t load.\",\"recaptchaMissingCookie\":\"reCaptcha v3 validation couldn&#039;t load the cookie needed to submit the form.\",\"recaptchaConsentEvent\":\"Accept reCaptcha cookies before sending the form.\",\"currency_symbol\":\"\",\"beforeForm\":\"\",\"beforeFields\":\"\",\"afterFields\":\"\",\"afterForm\":\"\"};form.fields=[{\"objectType\":\"Field\",\"objectDomain\":\"fields\",\"editActive\":false,\"order\":1,\"label\":\"Nombres\",\"key\":\"nombres_1585424578554\",\"type\":\"textbox\",\"created_at\":\"2020-03-28 20:39:43\",\"label_pos\":\"above\",\"required\":1,\"placeholder\":\"\",\"default\":\"\",\"wrapper_class\":\"\",\"element_class\":\"\",\"container_class\":\"\",\"input_limit\":\"\",\"input_limit_type\":\"characters\",\"input_limit_msg\":\"Character(s) left\",\"manual_key\":\"\",\"disable_input\":\"\",\"admin_label\":\"\",\"help_text\":\"\",\"desc_text\":\"\",\"disable_browser_autocomplete\":\"\",\"mask\":\"\",\"custom_mask\":\"\",\"wrap_styles_background-color\":\"\",\"wrap_styles_border\":\"\",\"wrap_styles_border-style\":\"\",\"wrap_styles_border-color\":\"\",\"wrap_styles_color\":\"\",\"wrap_styles_height\":\"\",\"wrap_styles_width\":\"\",\"wrap_styles_font-size\":\"\",\"wrap_styles_margin\":\"\",\"wrap_styles_padding\":\"\",\"wrap_styles_display\":\"\",\"wrap_styles_float\":\"\",\"wrap_styles_show_advanced_css\":0,\"wrap_styles_advanced\":\"\",\"label_styles_background-color\":\"\",\"label_styles_border\":\"\",\"label_styles_border-style\":\"\",\"label_styles_border-color\":\"\",\"label_styles_color\":\"\",\"label_styles_height\":\"\",\"label_styles_width\":\"\",\"label_styles_font-size\":\"\",\"label_styles_margin\":\"\",\"label_styles_padding\":\"\",\"label_styles_display\":\"\",\"label_styles_float\":\"\",\"label_styles_show_advanced_css\":0,\"label_styles_advanced\":\"\",\"element_styles_background-color\":\"\",\"element_styles_border\":\"\",\"element_styles_border-style\":\"\",\"element_styles_border-color\":\"\",\"element_styles_color\":\"\",\"element_styles_height\":\"\",\"element_styles_width\":\"\",\"element_styles_font-size\":\"\",\"element_styles_margin\":\"\",\"element_styles_padding\":\"\",\"element_styles_display\":\"\",\"element_styles_float\":\"\",\"element_styles_show_advanced_css\":0,\"element_styles_advanced\":\"\",\"cellcid\":\"c3277\",\"custom_name_attribute\":\"\",\"personally_identifiable\":\"\",\"value\":\"\",\"drawerDisabled\":false,\"id\":1,\"beforeField\":\"\",\"afterField\":\"\",\"parentType\":\"textbox\",\"element_templates\":[\"textbox\",\"input\"],\"old_classname\":\"\",\"wrap_template\":\"wrap\"},{\"objectType\":\"Field\",\"objectDomain\":\"fields\",\"editActive\":false,\"order\":2,\"label\":\"Apellidos\",\"type\":\"lastname\",\"key\":\"lastname_1585424640666\",\"label_pos\":\"above\",\"required\":false,\"default\":\"\",\"placeholder\":\"\",\"container_class\":\"\",\"element_class\":\"\",\"admin_label\":\"\",\"help_text\":\"\",\"custom_name_attribute\":\"lname\",\"personally_identifiable\":1,\"value\":\"\",\"id\":5,\"beforeField\":\"\",\"afterField\":\"\",\"parentType\":\"lastname\",\"element_templates\":[\"lastname\",\"input\"],\"old_classname\":\"\",\"wrap_template\":\"wrap\"},{\"objectType\":\"Field\",\"objectDomain\":\"fields\",\"editActive\":false,\"order\":3,\"label\":\"Email\",\"key\":\"email\",\"type\":\"email\",\"created_at\":\"2020-03-28 20:39:43\",\"label_pos\":\"above\",\"required\":1,\"placeholder\":\"\",\"default\":\"\",\"wrapper_class\":\"\",\"element_class\":\"\",\"container_class\":\"\",\"admin_label\":\"\",\"help_text\":\"\",\"desc_text\":\"\",\"wrap_styles_background-color\":\"\",\"wrap_styles_border\":\"\",\"wrap_styles_border-style\":\"\",\"wrap_styles_border-color\":\"\",\"wrap_styles_color\":\"\",\"wrap_styles_height\":\"\",\"wrap_styles_width\":\"\",\"wrap_styles_font-size\":\"\",\"wrap_styles_margin\":\"\",\"wrap_styles_padding\":\"\",\"wrap_styles_display\":\"\",\"wrap_styles_float\":\"\",\"wrap_styles_show_advanced_css\":0,\"wrap_styles_advanced\":\"\",\"label_styles_background-color\":\"\",\"label_styles_border\":\"\",\"label_styles_border-style\":\"\",\"label_styles_border-color\":\"\",\"label_styles_color\":\"\",\"label_styles_height\":\"\",\"label_styles_width\":\"\",\"label_styles_font-size\":\"\",\"label_styles_margin\":\"\",\"label_styles_padding\":\"\",\"label_styles_display\":\"\",\"label_styles_float\":\"\",\"label_styles_show_advanced_css\":0,\"label_styles_advanced\":\"\",\"element_styles_background-color\":\"\",\"element_styles_border\":\"\",\"element_styles_border-style\":\"\",\"element_styles_border-color\":\"\",\"element_styles_color\":\"\",\"element_styles_height\":\"\",\"element_styles_width\":\"\",\"element_styles_font-size\":\"\",\"element_styles_margin\":\"\",\"element_styles_padding\":\"\",\"element_styles_display\":\"\",\"element_styles_float\":\"\",\"element_styles_show_advanced_css\":0,\"element_styles_advanced\":\"\",\"cellcid\":\"c3281\",\"custom_name_attribute\":\"email\",\"personally_identifiable\":1,\"value\":\"\",\"id\":2,\"beforeField\":\"\",\"afterField\":\"\",\"parentType\":\"email\",\"element_templates\":[\"email\",\"input\"],\"old_classname\":\"\",\"wrap_template\":\"wrap\"},{\"objectType\":\"Field\",\"objectDomain\":\"fields\",\"editActive\":false,\"order\":4,\"label\":\"Tel\\u00e9fono\",\"type\":\"phone\",\"key\":\"phone_1585424658316\",\"label_pos\":\"above\",\"required\":false,\"default\":\"\",\"placeholder\":\"\",\"container_class\":\"\",\"element_class\":\"\",\"input_limit\":\"\",\"input_limit_type\":\"characters\",\"input_limit_msg\":\"Caracteres restantes\",\"manual_key\":false,\"admin_label\":\"\",\"help_text\":\"\",\"mask\":\"\",\"custom_mask\":\"\",\"custom_name_attribute\":\"phone\",\"personally_identifiable\":1,\"value\":\"\",\"id\":6,\"beforeField\":\"\",\"afterField\":\"\",\"parentType\":\"textbox\",\"element_templates\":[\"tel\",\"textbox\",\"input\"],\"old_classname\":\"\",\"wrap_template\":\"wrap\"},{\"objectType\":\"Field\",\"objectDomain\":\"fields\",\"editActive\":false,\"order\":5,\"label\":\"Mensaje\",\"key\":\"mensaje_1585424750575\",\"type\":\"textarea\",\"created_at\":\"2020-03-28 20:39:43\",\"label_pos\":\"above\",\"required\":1,\"placeholder\":\"\",\"default\":\"\",\"wrapper_class\":\"\",\"element_class\":\"\",\"container_class\":\"\",\"input_limit\":\"\",\"input_limit_type\":\"characters\",\"input_limit_msg\":\"Character(s) left\",\"manual_key\":\"\",\"disable_input\":\"\",\"admin_label\":\"\",\"help_text\":\"\",\"desc_text\":\"\",\"disable_browser_autocomplete\":\"\",\"textarea_rte\":\"\",\"disable_rte_mobile\":\"\",\"textarea_media\":\"\",\"wrap_styles_background-color\":\"\",\"wrap_styles_border\":\"\",\"wrap_styles_border-style\":\"\",\"wrap_styles_border-color\":\"\",\"wrap_styles_color\":\"\",\"wrap_styles_height\":\"\",\"wrap_styles_width\":\"\",\"wrap_styles_font-size\":\"\",\"wrap_styles_margin\":\"\",\"wrap_styles_padding\":\"\",\"wrap_styles_display\":\"\",\"wrap_styles_float\":\"\",\"wrap_styles_show_advanced_css\":0,\"wrap_styles_advanced\":\"\",\"label_styles_background-color\":\"\",\"label_styles_border\":\"\",\"label_styles_border-style\":\"\",\"label_styles_border-color\":\"\",\"label_styles_color\":\"\",\"label_styles_height\":\"\",\"label_styles_width\":\"\",\"label_styles_font-size\":\"\",\"label_styles_margin\":\"\",\"label_styles_padding\":\"\",\"label_styles_display\":\"\",\"label_styles_float\":\"\",\"label_styles_show_advanced_css\":0,\"label_styles_advanced\":\"\",\"element_styles_background-color\":\"\",\"element_styles_border\":\"\",\"element_styles_border-style\":\"\",\"element_styles_border-color\":\"\",\"element_styles_color\":\"\",\"element_styles_height\":\"\",\"element_styles_width\":\"\",\"element_styles_font-size\":\"\",\"element_styles_margin\":\"\",\"element_styles_padding\":\"\",\"element_styles_display\":\"\",\"element_styles_float\":\"\",\"element_styles_show_advanced_css\":0,\"element_styles_advanced\":\"\",\"cellcid\":\"c3284\",\"value\":\"\",\"drawerDisabled\":false,\"id\":3,\"beforeField\":\"\",\"afterField\":\"\",\"parentType\":\"textarea\",\"element_templates\":[\"textarea\",\"input\"],\"old_classname\":\"\",\"wrap_template\":\"wrap\"},{\"objectType\":\"Field\",\"objectDomain\":\"fields\",\"editActive\":false,\"order\":6,\"label\":\"Recaptcha\",\"type\":\"recaptcha\",\"container_class\":\"\",\"element_class\":\"\",\"size\":\"visible\",\"key\":\"recaptcha_1585424671657\",\"id\":7,\"beforeField\":\"\",\"afterField\":\"\",\"value\":\"\",\"label_pos\":\"above\",\"parentType\":\"textbox\",\"element_templates\":[\"recaptcha\",\"input\"],\"old_classname\":\"\",\"wrap_template\":\"wrap\",\"site_key\":\"6LdtneQUAAAAAI7h5xXdNZ6gvaQkLkxM6x16ZSNF\",\"theme\":\"light\",\"lang\":\"es\"},{\"objectType\":\"Field\",\"objectDomain\":\"fields\",\"editActive\":false,\"order\":7,\"label\":\"Submit\",\"key\":\"submit\",\"type\":\"submit\",\"created_at\":\"2020-03-28 20:39:43\",\"processing_label\":\"Processing\",\"container_class\":\"\",\"element_class\":\"\",\"wrap_styles_background-color\":\"\",\"wrap_styles_border\":\"\",\"wrap_styles_border-style\":\"\",\"wrap_styles_border-color\":\"\",\"wrap_styles_color\":\"\",\"wrap_styles_height\":\"\",\"wrap_styles_width\":\"\",\"wrap_styles_font-size\":\"\",\"wrap_styles_margin\":\"\",\"wrap_styles_padding\":\"\",\"wrap_styles_display\":\"\",\"wrap_styles_float\":\"\",\"wrap_styles_show_advanced_css\":0,\"wrap_styles_advanced\":\"\",\"label_styles_background-color\":\"\",\"label_styles_border\":\"\",\"label_styles_border-style\":\"\",\"label_styles_border-color\":\"\",\"label_styles_color\":\"\",\"label_styles_height\":\"\",\"label_styles_width\":\"\",\"label_styles_font-size\":\"\",\"label_styles_margin\":\"\",\"label_styles_padding\":\"\",\"label_styles_display\":\"\",\"label_styles_float\":\"\",\"label_styles_show_advanced_css\":0,\"label_styles_advanced\":\"\",\"element_styles_background-color\":\"\",\"element_styles_border\":\"\",\"element_styles_border-style\":\"\",\"element_styles_border-color\":\"\",\"element_styles_color\":\"\",\"element_styles_height\":\"\",\"element_styles_width\":\"\",\"element_styles_font-size\":\"\",\"element_styles_margin\":\"\",\"element_styles_padding\":\"\",\"element_styles_display\":\"\",\"element_styles_float\":\"\",\"element_styles_show_advanced_css\":0,\"element_styles_advanced\":\"\",\"submit_element_hover_styles_background-color\":\"\",\"submit_element_hover_styles_border\":\"\",\"submit_element_hover_styles_border-style\":\"\",\"submit_element_hover_styles_border-color\":\"\",\"submit_element_hover_styles_color\":\"\",\"submit_element_hover_styles_height\":\"\",\"submit_element_hover_styles_width\":\"\",\"submit_element_hover_styles_font-size\":\"\",\"submit_element_hover_styles_margin\":\"\",\"submit_element_hover_styles_padding\":\"\",\"submit_element_hover_styles_display\":\"\",\"submit_element_hover_styles_float\":\"\",\"submit_element_hover_styles_show_advanced_css\":0,\"submit_element_hover_styles_advanced\":\"\",\"cellcid\":\"c3287\",\"id\":4,\"beforeField\":\"\",\"afterField\":\"\",\"value\":\"\",\"label_pos\":\"above\",\"parentType\":\"textbox\",\"element_templates\":[\"submit\",\"button\",\"input\"],\"old_classname\":\"\",\"wrap_template\":\"wrap-no-label\"}];nfForms.push(form);<\/script>\n        [\/vc_column][\/vc_row]<\/p>\n","protected":false},"excerpt":{"rendered":"<p>[vc_row][vc_column][vc_row_inner][vc_column_inner width=\u00bb1\/2&#8243;][vc_column_text css_animation=\u00bbfadeIn\u00bb] Descripci\u00f3n [\/vc_column_text][vc_column_text css_animation=\u00bbfadeIn\u00bb] Si ya sabes explorar los fondos submarinos y quieres aprender m\u00e1s en forma segura sobre el buceo, podr\u00e1s conseguir una certificaci\u00f3n de buceo internacional avanzada, que te acreditara como una persona que ya maneja y sabe la forma segura de apreciar las maravillas del mundo submarino con seguridad. Es un Experto buceador 3 estrellas o Divemaster de PADI-NAUI-SSI\u00a0u otro similar\u00a0que ha alcanzado experiencia en la instrucci\u00f3n de practica y te\u00f3rica\u00a0en Buceo Deportivo Aut\u00f3nomo, seg\u00fan los est\u00e1ndares\u00a0Internacionales de CMAS. [\/vc_column_text][\/vc_column_inner][vc_column_inner&#8230;<\/p>\n","protected":false},"author":1,"featured_media":428,"parent":47,"menu_order":0,"comment_status":"closed","ping_status":"closed","template":"","meta":[],"_links":{"self":[{"href":"https:\/\/scubachile.cl\/site\/wp-json\/wp\/v2\/pages\/627"}],"collection":[{"href":"https:\/\/scubachile.cl\/site\/wp-json\/wp\/v2\/pages"}],"about":[{"href":"https:\/\/scubachile.cl\/site\/wp-json\/wp\/v2\/types\/page"}],"author":[{"embeddable":true,"href":"https:\/\/scubachile.cl\/site\/wp-json\/wp\/v2\/users\/1"}],"replies":[{"embeddable":true,"href":"https:\/\/scubachile.cl\/site\/wp-json\/wp\/v2\/comments?post=627"}],"version-history":[{"count":8,"href":"https:\/\/scubachile.cl\/site\/wp-json\/wp\/v2\/pages\/627\/revisions"}],"predecessor-version":[{"id":706,"href":"https:\/\/scubachile.cl\/site\/wp-json\/wp\/v2\/pages\/627\/revisions\/706"}],"up":[{"embeddable":true,"href":"https:\/\/scubachile.cl\/site\/wp-json\/wp\/v2\/pages\/47"}],"wp:featuredmedia":[{"embeddable":true,"href":"https:\/\/scubachile.cl\/site\/wp-json\/wp\/v2\/media\/428"}],"wp:attachment":[{"href":"https:\/\/scubachile.cl\/site\/wp-json\/wp\/v2\/media?parent=627"}],"curies":[{"name":"wp","href":"https:\/\/api.w.org\/{rel}","templated":true}]}}