{"id":847,"date":"2020-08-21T02:16:11","date_gmt":"2020-08-21T00:16:11","guid":{"rendered":"https:\/\/scubachile.cl\/site\/?page_id=847"},"modified":"2020-08-21T03:51:55","modified_gmt":"2020-08-21T01:51:55","slug":"area-de-inspeccion-de-piscinas","status":"publish","type":"page","link":"https:\/\/scubachile.cl\/site\/area-de-inspeccion-de-piscinas\/","title":{"rendered":"\u00c1rea de Inspecci\u00f3n de piscinas"},"content":{"rendered":"<p>[vc_row][vc_column][vc_row_inner][vc_column_inner width=\u00bb1\/2&#8243;][vc_column_text css_animation=\u00bbfadeIn\u00bb]<\/p>\n<h6>Descripci\u00f3n<\/h6>\n<p>[\/vc_column_text][vc_column_text css_animation=\u00bbfadeIn\u00bb]<\/p>\n<h1 style=\"font-weight: 400;\">El \u00e1rea de inspecci\u00f3n de piscina es la encargada de inspeccionar piscinas recreativas o deportivas, as\u00ed comprobar su estado de operatibilidad y condiciones. La p\u00e9rdida de agua en una piscina provoca una enorme p\u00e9rdida en agua y recursos econ\u00f3micos. Empresas por ejemplo en centros deportivos, hoteles, deben que realizar perdida de agua para poder realizar reparaciones que muchas veces no fueron necesarias y mal diagnosticadas.<\/h1>\n<p>&nbsp;<\/p>\n<p class=\"bodytext\">[\/vc_column_text][\/vc_column_inner][vc_column_inner width=\u00bb1\/2&#8243;][vc_column_text][\/vc_column_text][vc_column_text css_animation=\u00bbfadeIn\u00bb]<\/p>\n<p class=\"m_-2451435617891663335letraazul\"><strong>EQUIPO DE INSPECCI\u00d3N<\/strong><u><\/u><u><\/u><\/p>\n<p style=\"font-weight: 400;\">Buzos certificados. Y fot\u00f3grafo submarino.<br \/>\n<span style=\"font-size: 1rem;\"><b><br \/>\nEQUIPO<\/b><\/span><\/p>\n<p>&#8211; Equipos de Buceo Aut\u00f3nomo<br \/>\n&#8211; Camaras digitales<\/p>\n<p><strong>RESULTADO Y REPORTE\u00a0<\/strong><\/p>\n<p style=\"font-weight: 400;\">Reporte del estado de la Infraestructura.<br \/>\nSet de fotos de caracter\u00edsticas destacables e importantes visualizadas.<br \/>\nInforme de la situaci\u00f3n encontrada en la piscina.<\/p>\n<p><strong>RECOMENDACIONES<\/strong><\/p>\n<p style=\"font-weight: 400;\">En base al an\u00e1lisis emp\u00edrico de la situaci\u00f3n realizamos las recomendaciones necesarias para toma de desiciones.<\/p>\n<p style=\"font-weight: 400;\"><span style=\"font-size: 1rem;\">\u00a0<\/span><\/p>\n<p>[\/vc_column_text][\/vc_column_inner][\/vc_row_inner][vc_empty_space][\/vc_column][\/vc_row][vc_row][vc_column width=\u00bb1\/2&#8243;][vc_facebook][\/vc_column][\/vc_row]<\/p>\n","protected":false},"excerpt":{"rendered":"<p>[vc_row][vc_column][vc_row_inner][vc_column_inner width=\u00bb1\/2&#8243;][vc_column_text css_animation=\u00bbfadeIn\u00bb] Descripci\u00f3n [\/vc_column_text][vc_column_text css_animation=\u00bbfadeIn\u00bb] El \u00e1rea de inspecci\u00f3n de piscina es la encargada de inspeccionar piscinas recreativas o deportivas, as\u00ed comprobar su estado de operatibilidad y condiciones. La p\u00e9rdida de agua en una piscina provoca una enorme p\u00e9rdida en agua y recursos econ\u00f3micos. Empresas por ejemplo en centros deportivos, hoteles, deben que realizar perdida de agua para poder realizar reparaciones que muchas veces no fueron necesarias y mal diagnosticadas. &nbsp; [\/vc_column_text][\/vc_column_inner][vc_column_inner width=\u00bb1\/2&#8243;][vc_column_text][\/vc_column_text][vc_column_text css_animation=\u00bbfadeIn\u00bb] EQUIPO DE INSPECCI\u00d3N Buzos certificados. Y fot\u00f3grafo submarino. EQUIPO &#8211;&#8230;<\/p>\n","protected":false},"author":2,"featured_media":428,"parent":0,"menu_order":0,"comment_status":"closed","ping_status":"closed","template":"","meta":[],"_links":{"self":[{"href":"https:\/\/scubachile.cl\/site\/wp-json\/wp\/v2\/pages\/847"}],"collection":[{"href":"https:\/\/scubachile.cl\/site\/wp-json\/wp\/v2\/pages"}],"about":[{"href":"https:\/\/scubachile.cl\/site\/wp-json\/wp\/v2\/types\/page"}],"author":[{"embeddable":true,"href":"https:\/\/scubachile.cl\/site\/wp-json\/wp\/v2\/users\/2"}],"replies":[{"embeddable":true,"href":"https:\/\/scubachile.cl\/site\/wp-json\/wp\/v2\/comments?post=847"}],"version-history":[{"count":3,"href":"https:\/\/scubachile.cl\/site\/wp-json\/wp\/v2\/pages\/847\/revisions"}],"predecessor-version":[{"id":852,"href":"https:\/\/scubachile.cl\/site\/wp-json\/wp\/v2\/pages\/847\/revisions\/852"}],"wp:featuredmedia":[{"embeddable":true,"href":"https:\/\/scubachile.cl\/site\/wp-json\/wp\/v2\/media\/428"}],"wp:attachment":[{"href":"https:\/\/scubachile.cl\/site\/wp-json\/wp\/v2\/media?parent=847"}],"curies":[{"name":"wp","href":"https:\/\/api.w.org\/{rel}","templated":true}]}}